{"id":2957,"date":"2018-04-03T12:10:51","date_gmt":"2018-04-03T10:10:51","guid":{"rendered":"https:\/\/keen-merkle.40-69-202-162.plesk.page\/cookie-politik\/"},"modified":"2018-09-25T15:48:03","modified_gmt":"2018-09-25T13:48:03","slug":"cookie-and-personal-data-policy","status":"publish","type":"page","link":"https:\/\/blackboxbranding.dk\/en\/cookie-and-personal-data-policy\/","title":{"rendered":"Cookie and personal data policy"},"content":{"rendered":"\t\t<div data-elementor-type=\"wp-post\" data-elementor-id=\"2957\" class=\"elementor elementor-2957 elementor-1879 elementor-bc-flex-widget\" data-elementor-settings=\"[]\">\n\t\t\t\t\t\t<div class=\"elementor-inner\">\n\t\t\t\t\t\t\t<div class=\"elementor-section-wrap\">\n\t\t\t\t\t\t\t<section class=\"elementor-section elementor-top-section elementor-element elementor-element-329728c7 elementor-section-full_width elementor-section-height-default elementor-section-height-default\" data-id=\"329728c7\" data-element_type=\"section\">\n\t\t\t\t\t\t<div class=\"elementor-container elementor-column-gap-default\">\n\t\t\t\t\t\t\t<div class=\"elementor-row\">\n\t\t\t\t\t<div class=\"elementor-column elementor-col-100 elementor-top-column elementor-element elementor-element-1e4ea1d4\" data-id=\"1e4ea1d4\" data-element_type=\"column\">\n\t\t\t<div class=\"elementor-column-wrap elementor-element-populated\">\n\t\t\t\t\t\t\t<div class=\"elementor-widget-wrap\">\n\t\t\t\t\t\t<div class=\"elementor-element elementor-element-cb1f2f2 elementor-widget elementor-widget-heading\" data-id=\"cb1f2f2\" data-element_type=\"widget\" data-widget_type=\"heading.default\">\n\t\t\t\t<div class=\"elementor-widget-container\">\n\t\t\t<h1 class=\"elementor-heading-title elementor-size-default\">Cookie and personal data policy<\/h1>\t\t<\/div>\n\t\t\t\t<\/div>\n\t\t\t\t\t\t<\/div>\n\t\t\t\t\t<\/div>\n\t\t<\/div>\n\t\t\t\t\t\t\t\t<\/div>\n\t\t\t\t\t<\/div>\n\t\t<\/section>\n\t\t\t\t<section class=\"elementor-section elementor-top-section elementor-element elementor-element-6528794 elementor-section-full_width elementor-section-height-default elementor-section-height-default\" data-id=\"6528794\" data-element_type=\"section\">\n\t\t\t\t\t\t<div class=\"elementor-container elementor-column-gap-default\">\n\t\t\t\t\t\t\t<div class=\"elementor-row\">\n\t\t\t\t\t<div class=\"elementor-column elementor-col-100 elementor-top-column elementor-element elementor-element-5283d2d7\" data-id=\"5283d2d7\" data-element_type=\"column\">\n\t\t\t<div class=\"elementor-column-wrap elementor-element-populated\">\n\t\t\t\t\t\t\t<div class=\"elementor-widget-wrap\">\n\t\t\t\t\t\t<div class=\"elementor-element elementor-element-6917f328 elementor-widget elementor-widget-text-editor\" data-id=\"6917f328\" data-element_type=\"widget\" data-widget_type=\"text-editor.default\">\n\t\t\t\t<div class=\"elementor-widget-container\">\n\t\t\t\t\t<div class=\"elementor-text-editor elementor-clearfix\"><p>I denne Cookie- og Persondatapolitik for blackboxbranding.dk finder du en beskrivelse af, hvilke data vi indsamler og behandler, hvorfor netop disse data indsamles, og hvad vi anvender dem til. Denne Persondatapolitik er g\u00e6ldende for samtlige personlige oplysninger, du giver os\/vi indsamler om dig, n\u00e5r du er kunde hos blackboxbranding.dk, eller n\u00e5r du bes\u00f8ger vores website www.blackboxbranding.dk.<\/p><p><strong>Dataansvarlig<\/strong><\/p><p>Den dataansvarlige virksomhed for behandling af dine personoplysninger er:<\/p><p>Blackbox Branding Aps<br \/>Hunnerupvej 3, Vorgod-Barde, DK-6920 Videb\u00e6k<\/p><p>CVR nr. 34204314<\/p><p>N\u00e5r vi behandler personlige oplysninger, overholder vi EU\u2019s databeskyttelsesforordning (GDPR) samt de danske persondataretlige regler, som m\u00e5tte v\u00e6re g\u00e6ldende efter 25. maj 2018.<\/p><p>Har du sp\u00f8rgsm\u00e5l til Cookie- og Persondatapolitikken, eller m\u00e5den vi behandler dine personlige oplysninger, som er registreret hos os, kan du rette henvendelse via e-mail: nj@blackboxbranding.dk eller telefonnr. 4063 5599.<\/p><p>\u00d8nsker du indsigt i dine personlige oplysninger eller mener du, at der er registreret forkerte data \u2013 eller har du andre indsigelser, kan du ogs\u00e5 rette henvendelse til os. Du har mulighed for at f\u00e5 indsigt i, hvilke data der er registreret om dig, og du kan g\u00f8re indsigelse mod en registrering i henhold til reglerne i persondataloven.<\/p><p><strong>Cookies<\/strong><\/p><p>N\u00e5r du bes\u00f8ger websitet www.blackboxbranding.dk, benytter vi cookies fra Google Analytics. En cookie er en lille tekstfil, der lagres i din browser for at kunne genkende din computer ved tilbagevendende bes\u00f8g. Cookies hj\u00e6lper os med at se, hvor mange der bes\u00f8ger websitet (trafikm\u00e5ling), samt hvordan brugerne interagerer p\u00e5 websitet. Vi behandler ikke information om brugeradf\u00e6rd, som kan forbindes med bestemte personer. Disse data deles ikke med andre parter, og den viden vi f\u00e5r, bruges udelukkende til at forbedre websitet og brugeroplevelsen for dig som bes\u00f8gende. Du kan l\u00e6se mere om\u00a0<a href=\"https:\/\/developers.google.com\/analytics\/devguides\/collection\/analyticsjs\/cookie-usage\">Google Analytics-cookies her<\/a>.<\/p><p>Du kan frav\u00e6lge cookies fra Google Analytics\u00a0<a href=\"http:\/\/tools.google.com\/dlpage\/gaoptout\">her<\/a>\u00a0(Det anbefales ikke).<\/p><p>Cookies sletter sig selv efter et vist antal m\u00e5neder (kan variere), men de fornyes efter hvert bes\u00f8g.\u00a0\u00d8nsker du at slette eller blokerer cookies, kan du se en\u00a0<a href=\"http:\/\/minecookies.org\/cookiehandtering\">vejledning her<\/a>.<\/p><p><strong>Sociale Plug-ins<\/strong><\/p><p>P\u00e5 Blackbox Brandings hjemmeside findes plug-ins til Facebook og Linkedin. Hvis du trykker p\u00e5 disse plug-ins p\u00e5 hjemmesiden vil du blive bedt om, at acceptere de eventuelle cookies, som disse medier anvender. Du kan l\u00e6se mere her: \u00a0<a href=\"https:\/\/www.facebook.com\/business\/gdpr\">https:\/\/www.facebook.com\/business\/gdpr<\/a>\u00a0samt\u00a0<a href=\"https:\/\/www.linkedin.com\/help\/linkedin\/topics\/6701\/6702\">https:\/\/www.linkedin.com\/help\/linkedin\/topics\/6701\/6702<\/a><\/p><p><strong>Indsamling af personlige oplysninger<\/strong><\/p><p>Er du kunde og kontakter du os fra websitet eller via link fra et andet website, indsamler vi f\u00f8lgende almindelige personoplysninger om dig: Din funktion ved bestillingen samt din besk\u00e6ftigelse, dit navn, e-mail, telefonnummer og leveringsadresse. S\u00e5fremt der p\u00e5 sitet bliver mulighed for automatisk kortbetaling indsamler vi ogs\u00e5 betalingskortoplysninger. Personoplysninger afgives aldrig til tredjepart med mindre du selv udtrykkeligt giver tilsagn hertil.\u00a0<\/p><p>Du kan tilmelde dig vores nyhedsbrev via hjemmesiden. I den forbindelse indsamler og anvender vi den e-mailadresse, som du indtaster ved tilmeldingen. Du kan til enhver tid framelde dig nyhedsbrevet igen ved at f\u00f8lge anvisningen hertil.<\/p><p>Vi indsamler ikke s\u00e6rlige kategorier af personoplysninger (f\u00f8lsomme oplysninger) om dig.<\/p><p><strong>Behandling af personlige oplysninger<\/strong><\/p><p>Vi behandler kun personlige oplysninger i det omfang, det er n\u00f8dvendigt, f.eks. n\u00e5r man bliver oprettet som kunde. Det kan f.eks. v\u00e6re n\u00f8dvendigt for, at vi kan opfylde vores forpligtelser i henhold til aftaler og tilknyttede ydelser. Det kan ogs\u00e5 v\u00e6re for at leve op til de forpligtelser, vi har som dansk virksomhed, hvor vi er omfattet af dansk lovgivning.<\/p><p>Personlige oplysninger skal forst\u00e5s som defineret i persondatalovgivningen.<\/p><p>Vi laver ingen profilering af dig og misbruger ikke dine personoplysninger. Vi videregiver desuden ikke dine personlige oplysninger uden dit samtykke, medmindre vi er forpligtet til det i medf\u00f8r af lovgivningen.<\/p><p>Er du kunde anvender vi dine personlige oplysninger til at:<\/p><ul><li>Fremsende ordrebekr\u00e6ftelse samt faktura til dig.<\/li><li>Give dig kundeservice, support, svare p\u00e5 sp\u00f8rgsm\u00e5l og efterkomme dine anmodninger.<\/li><li>Udf\u00f8re dine ordrer og levere services og ydelser.<\/li><li>H\u00e5ndtere administration af kundeforholdet til dig.<\/li><li>Fremsende adviseringer om nye muligheder, produkter, priser, systemopdateringer, nedetider m.v. via nyhedsmail, hvis du har tilmeldt dig denne.<\/li><\/ul><p><strong>Deling af dine personoplysninger<\/strong><\/p><p>Vi deler dine data med de leverand\u00f8rer og samarbejdspartnere, som bist\u00e5r os med udf\u00f8relsen af din ordre, eller som bist\u00e5r os med vores IT-drift, hosting, SMS-gateway mv. Det betyder, at vi eksempelvis kan dele dine oplysninger med vores serviceleverand\u00f8rer, vores tekniske support og vores bank.<\/p><p>Vi deler dine oplysninger i det omfang, vi er forpligtet til, f.eks. som f\u00f8lge af krav om indrapportering til offentlige myndigheder som SKAT.<\/p><p><strong>Deling af oplysninger med modtagere uden for EU\/E\u00d8S<\/strong><\/p><p>Som dataansvarlig deler vi ikke personlige oplysninger med modtagere uden for EU\/E\u00d8S.<\/p><p>V\u00e6r dog opm\u00e6rksom p\u00e5, at s\u00e5fremt du anvender de sociale Plug-ins fra Facebook og Linkedin via vores hjemmeside, s\u00e5 vil disse selskaber herved l\u00e6gge cookies p\u00e5 din computer.<\/p><p><strong>Beskyttelse af personoplysninger<\/strong><\/p><p>If\u00f8lge persondataloven skal dine personlige oplysninger opbevares sikkert og fortroligt. Vi gemmer dine personlige oplysninger p\u00e5 computere med begr\u00e6nset adgang, som er placeret i kontrollerede faciliteter, og vores sikkerhedsforanstaltninger kontrolleres l\u00f8bende for at afg\u00f8re, om dine data h\u00e5ndteres forsvarligt og under stadig hensyntagen til dine rettigheder som bruger. Vi kan dog ikke garantere 100 procent sikkerhed ved dataoverf\u00f8rsler via internettet. Det betyder, at der kan v\u00e6re en (begr\u00e6nset) risiko for, at andre uberettiget tiltvinger sig adgang til oplysninger, n\u00e5r data sendes og opbevares elektronisk. Du afgiver s\u00e5ledes dine personlige oplysninger p\u00e5 eget ansvar.<\/p><p>Personoplysninger slettes eller anonymiseres l\u00f8bende efterh\u00e5nden som det form\u00e5l, de blev indsamlet til afsluttes. Personoplysninger gemmes h\u00f8jst i 12 m\u00e5neder efter form\u00e5let er afsluttet.<\/p><p>Den hurtige udvikling af internettet betyder, at \u00e6ndringer i vores behandling af personoplysninger kan blive n\u00f8dvendige. Vi forbeholder os derfor ret til at opdatere og \u00e6ndre denne persondatapolitik. I tilf\u00e6lde af v\u00e6sentlige \u00e6ndringer giver vi dig besked i form af en synlig meddelelse p\u00e5 websitet og ved udsendelse af nyhedsbrev.<\/p><p>Du har if\u00f8lge persondataloven ret til at f\u00e5 oplyst, hvilke personoplysninger, vi behandler om dig og som kan henf\u00f8res til dig. S\u00e5fremt det viser sig, at de oplysninger eller data der behandles om dig, er urigtige eller vildledende, har du ret til at kr\u00e6ve disse berigtiget, slettet eller blokeret. Du kan til enhver tid g\u00f8re indsigelse mod, at oplysninger om dig g\u00f8res til genstand for behandling. Du kan ogs\u00e5 til enhver tid tilbagekalde dit samtykke. Kontakt os via ovenst\u00e5ende kontaktoplysninger. Du har samtidig mulighed for at klage over behandlingen af oplysninger og data vedr\u00f8rende dig. Klage indgives til Datatilsynet, jf. persondatalovens \u00a7 58, stk. 1.<\/p><p>Denne persondatapolitik er sidst opdateret den 25-05-2018.<\/p><\/div>\n\t\t\t\t<\/div>\n\t\t\t\t<\/div>\n\t\t\t\t\t\t<\/div>\n\t\t\t\t\t<\/div>\n\t\t<\/div>\n\t\t\t\t\t\t\t\t<\/div>\n\t\t\t\t\t<\/div>\n\t\t<\/section>\n\t\t\t\t\t\t<\/div>\n\t\t\t\t\t\t<\/div>\n\t\t\t\t\t<\/div>\n\t\t","protected":false},"excerpt":{"rendered":"Cookie and personal data policy I denne Cookie- og Persondatapolitik for blackboxbranding.dk finder du en beskrivelse af, hvilke data vi indsamler og behandler, hvorfor netop disse data indsamles, og hvad vi anvender dem til. Denne Persondatapolitik er g\u00e6ldende for samtlige personlige oplysninger, du giver os\/vi indsamler om dig, n\u00e5r du er kunde hos blackboxbranding.dk, eller [&hellip;]","protected":false},"author":2,"featured_media":0,"parent":0,"menu_order":0,"comment_status":"closed","ping_status":"closed","template":"webko_sidebar_left","meta":[],"_links":{"self":[{"href":"https:\/\/blackboxbranding.dk\/en\/wp-json\/wp\/v2\/pages\/2957"}],"collection":[{"href":"https:\/\/blackboxbranding.dk\/en\/wp-json\/wp\/v2\/pages"}],"about":[{"href":"https:\/\/blackboxbranding.dk\/en\/wp-json\/wp\/v2\/types\/page"}],"author":[{"embeddable":true,"href":"https:\/\/blackboxbranding.dk\/en\/wp-json\/wp\/v2\/users\/2"}],"replies":[{"embeddable":true,"href":"https:\/\/blackboxbranding.dk\/en\/wp-json\/wp\/v2\/comments?post=2957"}],"version-history":[{"count":2,"href":"https:\/\/blackboxbranding.dk\/en\/wp-json\/wp\/v2\/pages\/2957\/revisions"}],"predecessor-version":[{"id":2959,"href":"https:\/\/blackboxbranding.dk\/en\/wp-json\/wp\/v2\/pages\/2957\/revisions\/2959"}],"wp:attachment":[{"href":"https:\/\/blackboxbranding.dk\/en\/wp-json\/wp\/v2\/media?parent=2957"}],"curies":[{"name":"wp","href":"https:\/\/api.w.org\/{rel}","templated":true}]}}